{"id":8061,"date":"2024-06-20T13:30:04","date_gmt":"2024-06-20T10:30:04","guid":{"rendered":"https:\/\/dscbg.com\/?post_type=product&#038;p=8061"},"modified":"2025-12-30T10:41:51","modified_gmt":"2025-12-30T07:41:51","slug":"br-6500ci-bn30","status":"publish","type":"product","link":"https:\/\/dscbg.com\/en\/produkt\/br-6500ci-bn30\/","title":{"rendered":"DSC 65CI-BN30 &#8211; \u0426\u0432\u0435\u0442\u043d\u0430 \u0431\u0443\u043b\u0435\u0442 \u043a\u0430\u043c\u0435\u0440\u0430, 5MP@25 fps, 3.6 mm, POE, TF card slot, APP"},"content":{"rendered":"<table width=\"1319\">\n<tbody>\n<tr>\n<td width=\"377\">Image Sensor<\/td>\n<td width=\"942\">NOVA+ST501AI<\/td>\n<\/tr>\n<tr>\n<td>Video compression<\/td>\n<td width=\"942\">H.265+\/H.265\/H.264 video coding, support dual stream, AVI format; code stream 500k~8M bps adjustable, support PAL and NTSC<\/td>\n<\/tr>\n<tr>\n<td>Min Illumination<\/td>\n<td width=\"942\">0.01Lux@F1.2(AGC ON), 0Lux IR on<\/td>\n<\/tr>\n<tr>\n<td>Frame Rates<\/td>\n<td width=\"942\">5MP:2592*1944@ 25fps<\/td>\n<\/tr>\n<tr>\n<td>Video Frame Rate<\/td>\n<td width=\"942\">Main stream:2880\u00d71620,2592\u00d71520,2560\u00d71440,2048\u00d71520,2304\u00d71296,1920\u00d71080;<\/td>\n<\/tr>\n<tr>\n<td>Audio Interface<\/td>\n<td width=\"942\">1channel input,support mic or pickup input;1channel output, support headset or amplifier play<\/td>\n<\/tr>\n<tr>\n<td width=\"377\">Audio code<\/td>\n<td width=\"942\">G.711 CODEC standard, support 2-way audio, audio and video synchronization<\/td>\n<\/tr>\n<tr>\n<td width=\"377\">Network Interface<\/td>\n<td width=\"942\">1*RJ45 Ethernet interface,10\/100M self-adaption,8KV anti-static electric capacity;support RTSP\/DHCP\/NTP,GB\/T28181,compatible ONVIF and so on network protocols<\/td>\n<\/tr>\n<tr>\n<td width=\"377\">IR LED<\/td>\n<td width=\"942\">IR Range: 30M<\/td>\n<\/tr>\n<tr>\n<td width=\"377\">Focal Length<\/td>\n<td width=\"942\">3.6mm<\/td>\n<\/tr>\n<tr>\n<td width=\"377\">Aperture<\/td>\n<td width=\"942\">F1.4<\/td>\n<\/tr>\n<tr>\n<td width=\"377\">Network interface<\/td>\n<td width=\"942\">Built in RJ45network interface support 10M\/100M IP DATA<\/td>\n<\/tr>\n<tr>\n<td width=\"377\">Smart Alarm<\/td>\n<td width=\"942\">humanoid and vehicle detection\/motion detection\/ video loss\/network cable disconnection\/IP address conflict<\/td>\n<\/tr>\n<tr>\n<td width=\"377\">Power Consumption<\/td>\n<td width=\"942\">MAX 5W<\/td>\n<\/tr>\n<tr>\n<td width=\"377\">Interface protocol<\/td>\n<td width=\"942\">ONVIF Hikvision XM jovision personal protocol<\/td>\n<\/tr>\n<tr>\n<td width=\"377\">Network protocol<\/td>\n<td width=\"942\">TCP\/IP, HTTP, DHCP, DDNS, RTP,RTSP, PPPOE ,SMTP,\u00a0 NTP, UPNP<\/td>\n<\/tr>\n<tr>\n<td width=\"377\">P2P<\/td>\n<td width=\"942\">Anfroid IOS<\/td>\n<\/tr>\n<tr>\n<td width=\"377\">Power Supply<\/td>\n<td width=\"942\">DC12V\u00b110% OR POE<\/td>\n<\/tr>\n<tr>\n<td width=\"377\">Working Environment<\/td>\n<td width=\"942\">-10\u00b0C~+50\u00b0C \/ Less than 95%RH (no condensation).<\/td>\n<\/tr>\n<\/tbody>\n<\/table>\n","protected":false},"excerpt":{"rendered":"<p>Image Sensor NOVA+ST501AI Video compression H.265+\/H.265\/H.264 video coding, support dual stream, AVI format; code stream 500k~8M bps adjustable, support PAL<\/p>\n","protected":false},"featured_media":8078,"template":"","meta":[],"product_brand":[],"product_cat":[37],"product_tag":[],"class_list":{"0":"post-8061","1":"product","2":"type-product","3":"status-publish","4":"has-post-thumbnail","6":"product_cat-ip-kameri","7":"pa_proizvoditel-dsc","9":"first","10":"instock","11":"shipping-taxable","12":"purchasable","13":"product-type-simple"},"_links":{"self":[{"href":"https:\/\/dscbg.com\/en\/wp-json\/wp\/v2\/product\/8061","targetHints":{"allow":["GET"]}}],"collection":[{"href":"https:\/\/dscbg.com\/en\/wp-json\/wp\/v2\/product"}],"about":[{"href":"https:\/\/dscbg.com\/en\/wp-json\/wp\/v2\/types\/product"}],"version-history":[{"count":0,"href":"https:\/\/dscbg.com\/en\/wp-json\/wp\/v2\/product\/8061\/revisions"}],"wp:featuredmedia":[{"embeddable":true,"href":"https:\/\/dscbg.com\/en\/wp-json\/wp\/v2\/media\/8078"}],"wp:attachment":[{"href":"https:\/\/dscbg.com\/en\/wp-json\/wp\/v2\/media?parent=8061"}],"wp:term":[{"taxonomy":"product_brand","embeddable":true,"href":"https:\/\/dscbg.com\/en\/wp-json\/wp\/v2\/product_brand?post=8061"},{"taxonomy":"product_cat","embeddable":true,"href":"https:\/\/dscbg.com\/en\/wp-json\/wp\/v2\/product_cat?post=8061"},{"taxonomy":"product_tag","embeddable":true,"href":"https:\/\/dscbg.com\/en\/wp-json\/wp\/v2\/product_tag?post=8061"}],"curies":[{"name":"wp","href":"https:\/\/api.w.org\/{rel}","templated":true}]}}