{"id":15559,"date":"2025-04-24T18:41:40","date_gmt":"2025-04-24T15:41:40","guid":{"rendered":"https:\/\/dscbg.com\/produkt\/4-kanalno-nvr-zapisvastho-ustrojstvo-dahua-nvr4104hs-ei\/"},"modified":"2025-12-30T10:42:38","modified_gmt":"2025-12-30T07:42:38","slug":"4-kanalno-nvr-zapisvastho-ustrojstvo-dahua-nvr4104hs-ei","status":"publish","type":"product","link":"https:\/\/dscbg.com\/en\/produkt\/4-kanalno-nvr-zapisvastho-ustrojstvo-dahua-nvr4104hs-ei\/","title":{"rendered":"Dahua NVR4104HS-EI 4-\u043a\u0430\u043d\u0430\u043b\u043d\u043e \u0437\u0430\u043f\u0438\u0441\u0432\u0430\u0449\u043e \u0443\u0441\u0442\u0440\u043e\u0439\u0441\u0442\u0432\u043e WizSense"},"content":{"rendered":"<p>\u0422\u0435\u0445\u043d\u0438\u0447\u0435\u0441\u043a\u0430 \u0438\u043d\u0444\u043e\u0440\u043c\u0430\u0446\u0438\u044f<br \/>\n\u041e\u0431\u0449\u0438<br \/>\n\u0421\u0435\u0440\u0438\u044f:WizSense<br \/>\n\u041f\u0440\u043e\u0446\u0435\u0441\u043e\u0440:\u0412\u0433\u0440\u0430\u0434\u0435\u043d<br \/>\n\u041e\u043f\u0435\u0440\u0430\u0446\u0438\u043e\u043d\u043d\u0430 \u0441\u0438\u0441\u0442\u0435\u043c\u0430:Embedded LINUX<br \/>\n\u0412\u0445\u043e\u0434 \u0437\u0430 IP \u043a\u0430\u043c\u0435\u0440\u0438:4 \u043a\u0430\u043d\u0430\u043b\u0430<br \/>\n\u0420\u0435\u0437\u043e\u043b\u044e\u0446\u0438\u044f:16 MP; 12 MP; 8 MP; 6 MP; 5 MP; 4 MP; 3 MP; 1080p; 960p; 720p; D1; CIF<br \/>\n\u041c\u0430\u043a\u0441\u0438\u043c\u0430\u043b\u043d\u0430 \u0440\u0435\u0437\u043e\u043b\u044e\u0446\u0438\u044f \u043d\u0430 \u043a\u0430\u043c\u0435\u0440\u0438\u0442\u0435:16 MP<br \/>\n\u0421\u0442\u043e\u0440\u0438\u0434\u0436:1 SATA \u043f\u043e\u0440\u0442, \u0434\u043e 16TB<br \/>\n\u0412\u0438\u0434\u0435\u043e<br \/>\n\u0412\u0438\u0434\u0435\u043e \u043a\u043e\u043c\u043f\u0440\u0435\u0441\u0438\u044f:H.264, H.265, MJPEG<br \/>\nSmart Codec:Smart H.265+\/ Smart H.264+<br \/>\nBandwidth:80 Mbps \u0432\u0445\u043e\u0434\u044f\u0449<br \/>\nDecoding Capacity:AI disabled: 2-channel 16 MP@30 fps; 2-channel 12 MP@30 fps; 4-channel 8 MP@30 fps AI enabled: 1-channel 16 MP@30 fps; 2-channel 12 MP@30 fps; 3-channel 8 MP@30 fps; 3-channel 6 MP@30 fps; 4-channel 5 MP@30 fps<br \/>\n\u0412\u044a\u0437\u043f\u0440\u043e\u0438\u0437\u0432\u0435\u0436\u0434\u0430\u043d\u0435 \u043d\u0430 \u0437\u0430\u043f\u0438\u0441:\u0414\u043e 4 \u043a\u0430\u043d\u0430\u043b\u0430<br \/>\n\u0424\u0443\u043d\u043a\u0446\u0438\u0438 \u043f\u0440\u0438 \u0432\u044a\u0437\u043f\u0440\u043e\u0438\u0437\u0432\u0435\u0436\u0434\u0430\u043d\u0435 \u043d\u0430 \u0437\u0430\u043f\u0438\u0441:\u041d\u0435\u0437\u0430\u0431\u0430\u0432\u043d\u043e \u0432\u044a\u0437\u043f\u0440\u043e\u0438\u0437\u0432\u0435\u0436\u0434\u0430\u043d\u0435, \u043e\u0431\u0449\u043e \u0432\u044a\u0437\u043f\u0440\u043e\u0438\u0437\u0432\u0435\u0436\u0434\u0430\u043d\u0435, \u0432\u044a\u0437\u043f\u0440\u043e\u0438\u0437\u0432\u0435\u0436\u0434\u0430\u043d\u0435 \u043d\u0430 \u0441\u044a\u0431\u0438\u0442\u0438\u044f, \u0432\u044a\u0437\u043f\u0440\u043e\u0438\u0437\u0432\u0435\u0436\u0434\u0430\u043d\u0435 \u043d\u0430 \u043c\u0430\u0440\u043a\u0435\u0440\u0438, \u0438\u043d\u0442\u0435\u043b\u0438\u0433\u0435\u043d\u0442\u043d\u043e \u0432\u044a\u0437\u043f\u0440\u043e\u0438\u0437\u0432\u0435\u0436\u0434\u0430\u043d\u0435<br \/>\n\u0420\u0435\u0437\u0435\u0440\u0432\u043d\u0438 \u043a\u043e\u043f\u0438\u044f:USB \u0443\u0441\u0442\u0440\u043e\u0439\u0441\u0442\u0432\u043e \/ \u043f\u043e \u043c\u0440\u0435\u0436\u0430<br \/>\n\u0417\u0430\u0449\u0438\u0442\u0430 \u043d\u0430 \u043f\u0435\u0440\u0438\u043c\u0435\u0442\u044a\u0440\u0430<br \/>\n\u041f\u0440\u043e\u0438\u0437\u0432\u043e\u0434\u0438\u0442\u0435\u043b\u043d\u043e\u0441\u0442:2 \u043a\u0430\u043d\u0430\u043b\u0430, 10 IVS \u043f\u0440\u0430\u0432\u0438\u043b\u0430 \u0437\u0430 \u0432\u0441\u0435\u043a\u0438 \u043a\u0430\u043d\u0430\u043b<br \/>\nAI \u0424\u0443\u043d\u043a\u0446\u0438\u0438:\u0414\u0435\u0442\u0435\u043a\u0446\u0438\u044f \u043d\u0430 \u043b\u0438\u0446\u0430, \u0420\u0430\u0437\u043f\u043e\u0437\u043d\u0430\u0432\u0430\u043d\u0435 \u043d\u0430 \u043b\u0438\u0446\u0430, \u0422\u043e\u043f\u043b\u0438\u043d\u043d\u0430 \u043a\u0430\u0440\u0442\u0430 (Heat map), \u041d\u0430\u0432\u043b\u0438\u0437\u0430\u043d\u0435 \u0432 \u0437\u043e\u043d\u0430, \u0420\u0430\u0437\u043f\u043e\u0437\u043d\u0430\u0432\u0430\u043d\u0435 \u043d\u0430 \u0440\u0435\u0433\u0438\u0441\u0442\u0440\u0430\u0446\u0438\u043e\u043d\u043d\u0438 \u043d\u043e\u043c\u0435\u0440\u0430, \u0411\u0440\u043e\u0435\u043d\u0435 \u043d\u0430 \u0445\u043e\u0440\u0430, \u041f\u0435\u0440\u0438\u043c\u0435\u0442\u0440\u043e\u0432\u0430 \u043e\u0445\u0440\u0430\u043d\u0430, SMD Plus (\u0434\u0435\u0442\u0435\u043a\u0446\u0438\u044f \u043d\u0430 \u0447\u043e\u0432\u0435\u043a\/\u043f\u0440\u0435\u0432\u043e\u0437\u043d\u043e \u0441\u0440\u0435\u0434\u0441\u0442\u0432\u043e), \u0421\u0442\u0435\u0440\u0435\u043e \u0430\u043d\u0430\u043b\u0438\u0437\u0438 \u0437\u0430 \u043f\u043e\u0432\u0435\u0434\u0435\u043d\u0438\u0435, \u041f\u0440\u0435\u0441\u0438\u0447\u0430\u043d\u0435 \u043d\u0430 \u043b\u0438\u043d\u0438\u044f<br \/>\n\u041f\u0435\u0440\u0438\u043c\u0435\u0442\u0440\u043e\u0432\u0430 \u043e\u0445\u0440\u0430\u043d\u0430 \u043e\u0442 \u043a\u0430\u043c\u0435\u0440\u0430:4 \u043a\u0430\u043d\u0430\u043b\u0430<br \/>\n\u041f\u0435\u0440\u0438\u043c\u0435\u0442\u0440\u043e\u0432\u0430 \u043e\u0445\u0440\u0430\u043d\u0430 \u043e\u0442 \u0440\u0435\u043a\u043e\u0440\u0434\u0435\u0440:2 \u043a\u0430\u043d\u0430\u043b\u0430, 10 IVS \u043f\u0440\u0430\u0432\u0438\u043b\u0430 \u0437\u0430 \u0432\u0441\u0435\u043a\u0438 \u043a\u0430\u043d\u0430\u043b<br \/>\nSMD Plus \u043e\u0442 \u043a\u0430\u043c\u0435\u0440\u0430:4 \u043a\u0430\u043d\u0430\u043b\u0430<br \/>\nSMD \u043e\u0442 \u0440\u0435\u043a\u043e\u0440\u0434\u0435\u0440:4 \u043a\u0430\u043d\u0430\u043b\u0430<br \/>\n\u0420\u0430\u0437\u043f\u043e\u0437\u043d\u0430\u0432\u0430\u043d\u0435 \u043d\u0430 \u043b\u0438\u0446\u0430 \u043e\u0442 \u043a\u0430\u043c\u0435\u0440\u0430:4 \u043a\u0430\u043d\u0430\u043b\u0430<br \/>\n\u0420\u0430\u0437\u043f\u043e\u0437\u043d\u0430\u0432\u0430\u043d\u0435 \u043d\u0430 \u043b\u0438\u0446\u0430 \u043e\u0442 \u0440\u0435\u043a\u043e\u0440\u0434\u0435\u0440:4-\u043a\u0430\u043d\u0430\u043b\u0435\u043d FD (\u043e\u0442 \u043a\u0430\u043c\u0435\u0440\u0430) + FR (\u043e\u0442 \u0440\u0435\u043a\u043e\u0440\u0434\u0435\u0440), \u043f\u043e\u0442\u043e\u043a \u043e\u0442 \u0438\u0437\u043e\u0431\u0440\u0430\u0436\u0435\u043d\u0438\u044f: 12 \u0438\u0437\u043e\u0431\u0440\u0430\u0436\u0435\u043d\u0438\u044f \u043d\u0430 \u043b\u0438\u0446\u0430\/\u0441\u0435\u043a., 1-\u043a\u0430\u043d\u0430\u043b\u0435\u043d FD (\u043e\u0442 \u0440\u0435\u043a\u043e\u0440\u0434\u0435\u0440) + FR (\u043e\u0442 \u0440\u0435\u043a\u043e\u0440\u0434\u0435\u0440), \u0432\u0438\u0434\u0435\u043e \u043f\u043e\u0442\u043e\u043a: 12 \u0438\u0437\u043e\u0431\u0440\u0430\u0436\u0435\u043d\u0438\u044f \u043d\u0430 \u043b\u0438\u0446\u0430\/\u0441\u0435\u043a.<br \/>\n\u0414\u0435\u0442\u0435\u043a\u0446\u0438\u044f \u043d\u0430 \u043b\u0438\u0446\u0435 \u043e\u0442 \u043a\u0430\u043c\u0435\u0440\u0430:4 \u043a\u0430\u043d\u0430\u043b\u0430<br \/>\n\u0414\u0435\u0442\u0435\u043a\u0446\u0438\u044f \u043d\u0430 \u043b\u0438\u0446\u0435 \u043e\u0442 \u0440\u0435\u043a\u043e\u0440\u0434\u0435\u0440:1 \u043a\u0430\u043d\u0430\u043b\u0430<br \/>\n\u0418\u043d\u0442\u0435\u043b\u0438\u0433\u0435\u043d\u0442\u043d\u0438 \u0444\u0443\u043d\u043a\u0446\u0438\u0438<br \/>\n\u0417\u0430\u0441\u0438\u0447\u0430\u043d\u0435 \u043d\u0430 \u0434\u0432\u0438\u0436\u0435\u043d\u0438\u0435:\u0434\u0430<br \/>\n\u0420\u0430\u0437\u043f\u043e\u0437\u043d\u0430\u0432\u0430\u043d\u0435 \u043d\u0430 \u043b\u0438\u0446\u0430:\u0434\u0430<br \/>\n\u0418\u043d\u0442\u0435\u043b\u0438\u0433\u0435\u043d\u0442\u043d\u043e \u0432\u0438\u0434\u0435\u043e \u043d\u0430\u0431\u043b\u044e\u0434\u0435\u043d\u0438\u0435:\u041f\u0440\u0435\u0441\u0438\u0447\u0430\u043d\u0435 \u043d\u0430 \u043b\u0438\u043d\u0438\u044f, \u041d\u0430\u0432\u043b\u0438\u0437\u0430\u043d\u0435 \u0432 \u0437\u043e\u043d\u0430<br \/>\n\u0418\u043d\u0442\u0435\u043b\u0438\u0433\u0435\u043d\u0442\u043d\u0430 \u0434\u0435\u0442\u0435\u043a\u0446\u0438\u044f \u043d\u0430 \u0434\u0432\u0438\u0436\u0435\u043d\u0438\u0435:\u0434\u0430<br \/>\n\u0410\u043b\u0430\u0440\u043c\u0435\u043d \u0441\u0438\u0433\u043d\u0430\u043b:\u041e\u0442\u043a\u0440\u0438\u0432\u0430\u043d\u0435 \u043d\u0430 \u0434\u0432\u0438\u0436\u0435\u043d\u0438\u0435, \u043c\u0430\u0441\u043a\u0438\u0440\u0430\u043d\u0435, \u0437\u0430\u0433\u0443\u0431\u0430 \u043d\u0430 \u0432\u0438\u0434\u0435\u043e, \u043f\u0440\u043e\u043c\u044f\u043d\u0430 \u043d\u0430 \u0441\u0446\u0435\u043d\u0430\u0442\u0430, PIR \u0430\u043b\u0430\u0440\u043c\u0430, IPC \u0430\u043b\u0430\u0440\u043c\u0430, \u0432\u044a\u043d\u0448\u043d\u0430 \u0430\u043b\u0430\u0440\u043c\u0430<br \/>\n\u0421\u0435\u0440\u0442\u0438\u0444\u0438\u0446\u0438\u0440\u0430\u043d\u0435<br \/>\n\u0421\u0435\u0440\u0442\u0438\u0444\u0438\u043a\u0430\u0442\u0438:FCC: 47 CFR FCC Part15, SubpartB, Class A; CE-EMC: EN 55032:2015+A1:2020; EN IEC 61000-3-2:2019+A1:2021; EN 61000-3-3:2013+A1:2019+A2:2021; EN 55035:2017+A11:2020; EN 50130-4:2011+A1:2014; CE-LVD: EN 62368-1:2014<br \/>\n\u0421\u044a\u0432\u043c\u0435\u0441\u0442\u0438\u043c \u0441 \u0434\u0440\u0443\u0433\u0438 \u043f\u0440\u043e\u0438\u0437\u0432\u043e\u0434\u0438\u0442\u0435\u043b\u0438:Panasonic, Sony, Samsung, Axis, Pelco, Arecont, ONVIF, Canon<br \/>\n\u0414\u043e\u043f\u044a\u043b\u043d\u0438\u0442\u0435\u043b\u043d\u0438 \u043f\u043e\u0440\u0442\u043e\u0432\u0435<br \/>\n\u0410\u0443\u0434\u0438\u043e \u0432\u0445\u043e\u0434:1 (RCA \u043f\u043e\u0440\u0442)<br \/>\n\u0410\u0443\u0434\u0438\u043e \u0438\u0437\u0445\u043e\u0434:1 (RCA \u043f\u043e\u0440\u0442)<br \/>\n\u0412\u0438\u0434\u0435\u043e \u043f\u043e\u0440\u0442:1 \u0445 HDMI, 1 x VGA<br \/>\nUSB:1 x USB 2.0 \u0437\u0430\u0434\u0435\u043d , 1 x USB 2.0 \u043f\u0440\u0435\u0434\u0435\u043d<br \/>\n\u0420\u0435\u0437\u043e\u043b\u044e\u0446\u0438\u044f \u043d\u0430 \u0432\u0438\u0434\u0435\u043e \u043f\u043e\u0440\u0442\u0430:HDMI: 3840 \u00d7 2160, 1920 \u00d7 1080, 1280 \u00d7 1024, 1280 \u00d7 720 VGA: 1920 \u00d7 1080, 1280 \u00d7 1024, 1280 \u00d7 720<br \/>\n\u0412\u0438\u0434\u0435\u043e \u043a\u044a\u043c \u043d\u044f\u043a\u043e\u043b\u043a\u043e \u0435\u043a\u0440\u0430\u043d\u0430:\u0415\u043a\u0440\u0430\u043d 1: 1\/4; \u0415\u043a\u0440\u0430\u043d 2: 1\/4<br \/>\n\u0410\u0443\u0434\u0438\u043e \u043a\u043e\u043c\u043f\u0440\u0435\u0441\u0438\u044f:G.711a; G.711u; PCM; G726<br \/>\n\u041c\u0440\u0435\u0436\u043e\u0432\u0438 \u0445\u0430\u0440\u0430\u043a\u0442\u0435\u0440\u0438\u0441\u0442\u0438\u043a\u0438<br \/>\nEthernet:1 RJ-45 Ports (10\/100 Mbps)<br \/>\n\u041c\u043e\u0431\u0438\u043b\u043d\u043e \u043f\u0440\u0438\u043b\u043e\u0436\u0435\u043d\u0438\u0435:Android, iOS<br \/>\n\u041c\u0440\u0435\u0436\u043e\u0432\u0438 \u043f\u0440\u043e\u0442\u043e\u043a\u043e\u043b\u0438:HTTP; HTTPS; TCP\/IP; IPv4\/IPv6; UPnP; SNMP; UDP; SMTP; NTP; DHCP; DNS; IP Filter; PPPoE; DDNS; FTP; Alarm Server; IP Search (Support Dahua IP camera; DVR; NVS; etc.); P2P; auto register<br \/>\n\u0421\u044a\u0432\u043c\u0435\u0441\u0442\u0438\u043c\u043e\u0441\u0442:ONVIF 22.06(Profile T; Profile S; Profile G); CGI; SDK<br \/>\n\u041f\u0440\u0435\u0434\u043b\u0435\u0434 \u043f\u0440\u0435\u0437 \u0443\u0435\u0431 \u0431\u0440\u0430\u0443\u0437\u044a\u0440:Chrome; IE9 or later; Firefox<br \/>\n\u0417\u0430\u0445\u0440\u0430\u043d\u0432\u0430\u043d\u0435<br \/>\n\u0417\u0430\u0445\u0440\u0430\u043d\u0432\u0430\u043d\u0435:DC 12V\/2A<br \/>\n\u0415\u043d\u0435\u0440\u0433\u0438\u0439\u043d\u0430 \u043a\u043e\u043d\u0441\u0443\u043c\u0430\u0446\u0438\u044f:&lt; 10W (\u0431\u0435\u0437 HDD)<br \/>\n\u0420\u0430\u0431\u043e\u0442\u043d\u0438 \u0443\u0441\u043b\u043e\u0432\u0438\u044f<br \/>\n\u0420\u0430\u0431\u043e\u0442\u043d\u0430 \u0442\u0435\u043c\u043f\u0435\u0440\u0430\u0442\u0443\u0440\u0430:- 10\u00b0C \u0434\u043e + 55\u00b0C<br \/>\n\u0420\u0430\u0431\u043e\u0442\u043d\u0430 \u0432\u043b\u0430\u0436\u043d\u043e\u0441\u0442:10% \u0434o 93% RH (\u0431\u0435\u0437 \u043d\u0430\u043b\u0438\u0447\u0438\u0435 \u043d\u0430 \u043a\u043e\u043d\u0434\u0435\u043d\u0437)<br \/>\n\u0422\u0435\u043c\u043f\u0435\u0440\u0430\u0442\u0443\u0440\u0430 \u043d\u0430 \u0441\u044a\u0445\u0440\u0430\u043d\u0435\u043d\u0438\u0435:-20\u00b0C \u0434\u043e +60\u00b0C<br \/>\n\u041a\u043e\u043d\u0441\u0442\u0440\u0443\u043a\u0446\u0438\u044f<br \/>\n\u0420\u0430\u0437\u043c\u0435\u0440\u0438:260 \u043c\u043c \u00d7 232.7 \u043c\u043c \u00d7 47.6 \u043c\u043c<br \/>\n\u041d\u0435\u0442\u043e \u0442\u0435\u0433\u043b\u043e:0.81 \u043a\u0433<br \/>\n\u0411\u0440\u0443\u0442\u043e \u0442\u0435\u0433\u043b\u043e:1.41 \u043a\u0433<br \/>\n\u0422\u0440\u0430\u043d\u0441\u043f\u043e\u0440\u0442\u043d\u0430 \u043e\u043f\u0430\u043a\u043e\u0432\u043a\u0430 &#8211; DAHUA NVR4104HS-EI<br \/>\n\u0411\u0440\u043e\u0439 \u043e\u043f\u0430\u043a\u043e\u0432\u043a\u0438:1 \u0431\u0440.<br \/>\n\u0420\u0430\u0437\u043c\u0435\u0440 \u043e\u043f\u0430\u043a\u043e\u0432\u043a\u0430 (\u0412\u0445\u0428\u0445\u0414 \u0441\u043c):8.9 x 31.5 x 33.3; \u0422\u0435\u0433\u043b\u043e: 1.41 \u043a\u0433.;<\/p>\n","protected":false},"excerpt":{"rendered":"<p>AI \u0424\u0443\u043d\u043a\u0446\u0438\u0438:\u0414\u0435\u0442\u0435\u043a\u0446\u0438\u044f \u043d\u0430 \u043b\u0438\u0446\u0430, \u0420\u0430\u0437\u043f\u043e\u0437\u043d\u0430\u0432\u0430\u043d\u0435 \u043d\u0430 \u043b\u0438\u0446\u0430, \u0422\u043e\u043f\u043b\u0438\u043d\u043d\u0430 \u043a\u0430\u0440\u0442\u0430 (Heat map), \u041d\u0430\u0432\u043b\u0438\u0437\u0430\u043d\u0435 \u0432 \u0437\u043e\u043d\u0430, \u0420\u0430\u0437\u043f\u043e\u0437\u043d\u0430\u0432\u0430\u043d\u0435 \u043d\u0430 \u0440\u0435\u0433\u0438\u0441\u0442\u0440\u0430\u0446\u0438\u043e\u043d\u043d\u0438 \u043d\u043e\u043c\u0435\u0440\u0430, \u0411\u0440\u043e\u0435\u043d\u0435 \u043d\u0430 \u0445\u043e\u0440\u0430, \u041f\u0435\u0440\u0438\u043c\u0435\u0442\u0440\u043e\u0432\u0430 \u043e\u0445\u0440\u0430\u043d\u0430, SMD Plus (\u0434\u0435\u0442\u0435\u043a\u0446\u0438\u044f \u043d\u0430 \u0447\u043e\u0432\u0435\u043a\/\u043f\u0440\u0435\u0432\u043e\u0437\u043d\u043e \u0441\u0440\u0435\u0434\u0441\u0442\u0432\u043e), \u0421\u0442\u0435\u0440\u0435\u043e \u0430\u043d\u0430\u043b\u0438\u0437\u0438 \u0437\u0430 \u043f\u043e\u0432\u0435\u0434\u0435\u043d\u0438\u0435, \u041f\u0440\u0435\u0441\u0438\u0447\u0430\u043d\u0435 \u043d\u0430 \u043b\u0438\u043d\u0438\u044f<\/p>\n","protected":false},"featured_media":15561,"template":"","meta":[],"product_brand":[],"product_cat":[29,35],"product_tag":[],"class_list":{"0":"post-15559","1":"product","2":"type-product","3":"status-publish","4":"has-post-thumbnail","6":"product_cat-tehnika-za-videonablyudenie","7":"product_cat-mrezhovi-videorekorderi-nvr","8":"pa_proizvoditel-dahua","10":"first","11":"instock","12":"purchasable","13":"product-type-simple"},"_links":{"self":[{"href":"https:\/\/dscbg.com\/en\/wp-json\/wp\/v2\/product\/15559","targetHints":{"allow":["GET"]}}],"collection":[{"href":"https:\/\/dscbg.com\/en\/wp-json\/wp\/v2\/product"}],"about":[{"href":"https:\/\/dscbg.com\/en\/wp-json\/wp\/v2\/types\/product"}],"version-history":[{"count":0,"href":"https:\/\/dscbg.com\/en\/wp-json\/wp\/v2\/product\/15559\/revisions"}],"wp:featuredmedia":[{"embeddable":true,"href":"https:\/\/dscbg.com\/en\/wp-json\/wp\/v2\/media\/15561"}],"wp:attachment":[{"href":"https:\/\/dscbg.com\/en\/wp-json\/wp\/v2\/media?parent=15559"}],"wp:term":[{"taxonomy":"product_brand","embeddable":true,"href":"https:\/\/dscbg.com\/en\/wp-json\/wp\/v2\/product_brand?post=15559"},{"taxonomy":"product_cat","embeddable":true,"href":"https:\/\/dscbg.com\/en\/wp-json\/wp\/v2\/product_cat?post=15559"},{"taxonomy":"product_tag","embeddable":true,"href":"https:\/\/dscbg.com\/en\/wp-json\/wp\/v2\/product_tag?post=15559"}],"curies":[{"name":"wp","href":"https:\/\/api.w.org\/{rel}","templated":true}]}}